{"id":3867,"date":"2024-07-16T12:12:06","date_gmt":"2024-07-16T12:12:06","guid":{"rendered":"https:\/\/role-model.econ.ubbcluj.ro\/incubator\/?page_id=3867"},"modified":"2026-02-06T10:55:54","modified_gmt":"2026-02-06T08:55:54","slug":"programele-ubb-student-i-lab","status":"publish","type":"page","link":"https:\/\/incubator.econ.ubbcluj.ro\/en\/programele-ubb-student-i-lab\/","title":{"rendered":"\"UBB Student i-Lab: experiment and transform the future\" - 4 credits \u00a0"},"content":{"rendered":"<style>.kb-row-layout-id3867_cdb2df-0e > .kt-row-column-wrap{align-content:start;}:where(.kb-row-layout-id3867_cdb2df-0e > .kt-row-column-wrap) > .wp-block-kadence-column{justify-content:start;}.kb-row-layout-id3867_cdb2df-0e > .kt-row-column-wrap{column-gap:var(--global-kb-gap-md, 2rem);row-gap:var(--global-kb-gap-md, 2rem);padding-top:var(--global-kb-spacing-sm, 1.5rem);padding-right:var(--global-kb-spacing-sm, 1.5rem);padding-bottom:var(--global-kb-spacing-sm, 1.5rem);padding-left:var(--global-kb-spacing-sm, 1.5rem);grid-template-columns:minmax(0, 1fr);}.kb-row-layout-id3867_cdb2df-0e > .kt-row-layout-overlay{opacity:0.30;}@media all and (max-width: 1024px){.kb-row-layout-id3867_cdb2df-0e > .kt-row-column-wrap{grid-template-columns:minmax(0, 1fr);}}@media all and (max-width: 767px){.kb-row-layout-id3867_cdb2df-0e > .kt-row-column-wrap{grid-template-columns:minmax(0, 1fr);}}<\/style><div class=\"kb-row-layout-wrap kb-row-layout-id3867_cdb2df-0e alignnone wp-block-kadence-rowlayout\"><div class=\"kt-row-column-wrap kt-has-1-columns kt-row-layout-equal kt-tab-layout-inherit kt-mobile-layout-row kt-row-valign-top\">\n<style>.kadence-column3867_4d0261-8c > .kt-inside-inner-col,.kadence-column3867_4d0261-8c > .kt-inside-inner-col:before{border-top-left-radius:0px;border-top-right-radius:0px;border-bottom-right-radius:0px;border-bottom-left-radius:0px;}.kadence-column3867_4d0261-8c > .kt-inside-inner-col{column-gap:var(--global-kb-gap-sm, 1rem);}.kadence-column3867_4d0261-8c > .kt-inside-inner-col{flex-direction:column;}.kadence-column3867_4d0261-8c > .kt-inside-inner-col > .aligncenter{width:100%;}.kadence-column3867_4d0261-8c > .kt-inside-inner-col:before{opacity:0.3;}.kadence-column3867_4d0261-8c{position:relative;}@media all and (max-width: 1024px){.kadence-column3867_4d0261-8c > .kt-inside-inner-col{flex-direction:column;justify-content:center;}}@media all and (max-width: 767px){.kadence-column3867_4d0261-8c > .kt-inside-inner-col{flex-direction:column;justify-content:center;}}<\/style>\n<div class=\"wp-block-kadence-column kadence-column3867_4d0261-8c\"><div class=\"kt-inside-inner-col\">\n<p>       I<strong>nternship at UBB Student i-lab<\/strong>&nbsp;offers you the chance to explore entrepreneurship in practice, through a combination of learning and real-world experiences. You will go through incubation modules designed to help you turn an idea into a viable business concept, gain access to international workshops led by professors and entrepreneurs from global ecosystems, attend meetings with local entrepreneurs and successful businesspeople, and benefit from personalized mentorship from experts and relevant stakeholders. Through this experience, you will not only acquire knowledge and tools for developing a business in both local and international markets, but also build a valuable network of contacts that can support you in the long term.<\/p>\n\n\n\n<p>       All students who complete the incubation program will receive a certificate and a grade, which will be recorded in their academic transcript as an elective course. The final evaluation will take place during the <strong>\u201c<strong>Demo Day UBB Student i-Lab<\/strong>\u201d,<\/strong> here students will compete for cash prizes and resources to support their market launch. The final grade will reflect both your contribution throughout the program and the evaluation by the international jury during the competition<strong>\" Demo Day\"<\/strong>\u201d.<\/p>\n\n\n\n<p><strong><em>   To register your intention to participate in the internship, please complete <a href=\"https:\/\/forms.gle\/GN2Mbmn8gjRNKkLa7\" target=\"_blank\" rel=\"noopener nofollow sponsored ugc\" title=\"form.\">the form<\/a> p\u00e2n\u0103 la data de 25 Februarie 2025, ora 23.59. \u00cen 26 Februarie 2026, ora 13.00, sala 120 din campusul FSEGA vom avea o \u00eent\u00e2lnire \u00een cadrul c\u0103reia vom discuta toate detaliile.<\/em><\/strong><\/p>\n\n\n\n<p class=\"has-text-align-center has-large-font-size\"><strong>                 <em>The courage to experiment gives you the power to shape the future!<\/em><\/strong><\/p>\n<\/div><\/div>\n\n<\/div><\/div>\n\n\n<p><\/p>","protected":false},"excerpt":{"rendered":"<p>Internshipul la UBB Student i-Lab&nbsp;\u00ee\u021bi ofer\u0103 \u0219ansa s\u0103 descoperi antreprenoriatul \u00een practic\u0103, printr-o combina\u021bie de \u00eenv\u0103\u021bare \u0219i experien\u021be reale. Vei parcurge module de incubare care te ajut\u0103 s\u0103 transformi o&#8230;<\/p>","protected":false},"author":2,"featured_media":0,"parent":0,"menu_order":0,"comment_status":"closed","ping_status":"closed","template":"","meta":{"om_disable_all_campaigns":false,"_kad_blocks_custom_css":"","_kad_blocks_head_custom_js":"","_kad_blocks_body_custom_js":"","_kad_blocks_footer_custom_js":"","_monsterinsights_skip_tracking":false,"_monsterinsights_sitenote_active":false,"_monsterinsights_sitenote_note":"","_monsterinsights_sitenote_category":0,"_EventAllDay":false,"_EventTimezone":"","_EventStartDate":"","_EventEndDate":"","_EventStartDateUTC":"","_EventEndDateUTC":"","_EventShowMap":false,"_EventShowMapLink":false,"_EventURL":"","_EventCost":"","_EventCostDescription":"","_EventCurrencySymbol":"","_EventCurrencyCode":"","_EventCurrencyPosition":"","_EventDateTimeSeparator":"","_EventTimeRangeSeparator":"","_EventOrganizerID":[],"_EventVenueID":[],"_OrganizerEmail":"","_OrganizerPhone":"","_OrganizerWebsite":"","_VenueAddress":"","_VenueCity":"","_VenueCountry":"","_VenueProvince":"","_VenueState":"","_VenueZip":"","_VenuePhone":"","_VenueURL":"","_VenueStateProvince":"","_VenueLat":"","_VenueLng":"","_VenueShowMap":false,"_VenueShowMapLink":false,"_kad_post_transparent":"","_kad_post_title":"","_kad_post_layout":"default","_kad_post_sidebar_id":"","_kad_post_content_style":"","_kad_post_vertical_padding":"","_kad_post_feature":"","_kad_post_feature_position":"","_kad_post_header":false,"_kad_post_footer":false,"footnotes":""},"class_list":["post-3867","page","type-page","status-publish","hentry"],"aioseo_notices":[],"taxonomy_info":[],"featured_image_src_large":false,"author_info":{"display_name":"mihaiguta","author_link":"https:\/\/incubator.econ.ubbcluj.ro\/en\/author\/mihaiguta\/"},"comment_info":0,"_links":{"self":[{"href":"https:\/\/incubator.econ.ubbcluj.ro\/en\/wp-json\/wp\/v2\/pages\/3867","targetHints":{"allow":["GET"]}}],"collection":[{"href":"https:\/\/incubator.econ.ubbcluj.ro\/en\/wp-json\/wp\/v2\/pages"}],"about":[{"href":"https:\/\/incubator.econ.ubbcluj.ro\/en\/wp-json\/wp\/v2\/types\/page"}],"author":[{"embeddable":true,"href":"https:\/\/incubator.econ.ubbcluj.ro\/en\/wp-json\/wp\/v2\/users\/2"}],"replies":[{"embeddable":true,"href":"https:\/\/incubator.econ.ubbcluj.ro\/en\/wp-json\/wp\/v2\/comments?post=3867"}],"version-history":[{"count":22,"href":"https:\/\/incubator.econ.ubbcluj.ro\/en\/wp-json\/wp\/v2\/pages\/3867\/revisions"}],"predecessor-version":[{"id":6538,"href":"https:\/\/incubator.econ.ubbcluj.ro\/en\/wp-json\/wp\/v2\/pages\/3867\/revisions\/6538"}],"wp:attachment":[{"href":"https:\/\/incubator.econ.ubbcluj.ro\/en\/wp-json\/wp\/v2\/media?parent=3867"}],"curies":[{"name":"wp","href":"https:\/\/api.w.org\/{rel}","templated":true}]}}