{"id":31,"date":"2023-03-02T09:32:11","date_gmt":"2023-03-02T09:32:11","guid":{"rendered":"http:\/\/193.231.19.20\/?page_id=31"},"modified":"2024-10-08T09:39:56","modified_gmt":"2024-10-08T09:39:56","slug":"activitati","status":"publish","type":"page","link":"https:\/\/incubator.econ.ubbcluj.ro\/en\/activitati\/","title":{"rendered":"Activities"},"content":{"rendered":"<style>.kb-row-layout-id31_82a916-f2 > .kt-row-column-wrap{align-content:start;}:where(.kb-row-layout-id31_82a916-f2 > .kt-row-column-wrap) > .wp-block-kadence-column{justify-content:start;}.kb-row-layout-id31_82a916-f2 > .kt-row-column-wrap{column-gap:var(--global-kb-gap-md, 2rem);row-gap:var(--global-kb-gap-md, 2rem);padding-top:var(--global-kb-spacing-sm, 1.5rem);padding-bottom:var(--global-kb-spacing-sm, 1.5rem);grid-template-columns:minmax(0, 2fr) minmax(0, 1fr);}.kb-row-layout-id31_82a916-f2 > .kt-row-layout-overlay{opacity:0.30;}@media all and (max-width: 1024px){.kb-row-layout-id31_82a916-f2 > .kt-row-column-wrap{grid-template-columns:minmax(0, 2fr) minmax(0, 1fr);}}@media all and (max-width: 767px){.kb-row-layout-id31_82a916-f2 > .kt-row-column-wrap{grid-template-columns:minmax(0, 1fr);}}<\/style><div class=\"kb-row-layout-wrap kb-row-layout-id31_82a916-f2 alignnone wp-block-kadence-rowlayout\"><div class=\"kt-row-column-wrap kt-has-2-columns kt-row-layout-left-golden kt-tab-layout-inherit kt-mobile-layout-row kt-row-valign-top\">\n<style>.kadence-column31_58a8c3-d3 > .kt-inside-inner-col,.kadence-column31_58a8c3-d3 > .kt-inside-inner-col:before{border-top-left-radius:0px;border-top-right-radius:0px;border-bottom-right-radius:0px;border-bottom-left-radius:0px;}.kadence-column31_58a8c3-d3 > .kt-inside-inner-col{column-gap:var(--global-kb-gap-sm, 1rem);}.kadence-column31_58a8c3-d3 > .kt-inside-inner-col{flex-direction:column;}.kadence-column31_58a8c3-d3 > .kt-inside-inner-col > .aligncenter{width:100%;}.kadence-column31_58a8c3-d3 > .kt-inside-inner-col:before{opacity:0.3;}.kadence-column31_58a8c3-d3{position:relative;}@media all and (max-width: 1024px){.kadence-column31_58a8c3-d3 > .kt-inside-inner-col{flex-direction:column;justify-content:center;}}@media all and (max-width: 767px){.kadence-column31_58a8c3-d3 > .kt-inside-inner-col{flex-direction:column;justify-content:center;}}<\/style>\n<div class=\"wp-block-kadence-column kadence-column31_58a8c3-d3\"><div class=\"kt-inside-inner-col\"><style>.wp-block-kadence-advancedheading.kt-adv-heading31_5fab33-a8, .wp-block-kadence-advancedheading.kt-adv-heading31_5fab33-a8[data-kb-block=\"kb-adv-heading31_5fab33-a8\"]{padding-top:var(--global-kb-spacing-xxs, 0.5rem);padding-right:var(--global-kb-spacing-xs, 1rem);padding-bottom:0px;padding-left:var(--global-kb-spacing-xs, 1rem);font-style:normal;text-transform:none;}.wp-block-kadence-advancedheading.kt-adv-heading31_5fab33-a8 mark.kt-highlight, .wp-block-kadence-advancedheading.kt-adv-heading31_5fab33-a8[data-kb-block=\"kb-adv-heading31_5fab33-a8\"] mark.kt-highlight{font-style:normal;color:#f76a0c;-webkit-box-decoration-break:clone;box-decoration-break:clone;padding-top:0px;padding-right:0px;padding-bottom:0px;padding-left:0px;}.wp-block-kadence-advancedheading.kt-adv-heading31_5fab33-a8 img.kb-inline-image, .wp-block-kadence-advancedheading.kt-adv-heading31_5fab33-a8[data-kb-block=\"kb-adv-heading31_5fab33-a8\"] img.kb-inline-image{width:150px;vertical-align:baseline;}<\/style>\n<h2 class=\"kt-adv-heading31_5fab33-a8 wp-block-kadence-advancedheading has-theme-palette-9-color has-text-color has-theme-palette-2-background-color has-background\" data-kb-block=\"kb-adv-heading31_5fab33-a8\"><\/h2>\n\n\n\n<ul class=\"wp-block-list\">\n<li>Competi\u0163ii \u00een care studen\u0163ii vor avea ocazia s\u0103 \u00ee\u015fi prezinte ideile unui board de mentori care vor furniza feedback. Se vor identifica studen\u0163ii interesa\u0163i de valorificarea conceptelor antreprenoriale ini\u0163iate \u00een cadrul cursurilor de antreprenoriat, \u0219i nu numai. <\/li>\n<\/ul>\n\n\n\n<ul class=\"wp-block-list\">\n<li>Sesiuni de coaching oferite de practicieni \u015fi antreprenori din \u021bar\u0103 \u0219i din str\u0103in\u0103tate, din diferite domenii, inclusiv organizarea de seri de networking \u00eentre studen\u0163i \u015fi antreprenori locali.<\/li>\n<\/ul>\n\n\n\n<ul class=\"wp-block-list\">\n<li>Dezvoltarea conceptelor de business \u015fi a echipelor care au fost acceptate \u00een cadrul laboratorului, cu ajutorul mentorilor, prin sesiuni practice menite s\u0103 identifice nevoile specifice ale viitoarelor afaceri.<\/li>\n<\/ul>\n\n\n\n<ul class=\"wp-block-list\">\n<li>Participarea la evenimente na\u0163ionale \u015fi interna\u0163ionale specifice unui incubator de afaceri (ex. hackathons, competi\u0163ii de pitching etc.)<\/li>\n<\/ul>\n\n\n\n<ul class=\"wp-block-list\">\n<li>Workshop-uri pentru studen\u0163i pentru a cre\u015fte gradul de familiarizare a acestora cu cele mai noi informa\u021bii din diverse domenii ale \u0219tiin\u021bei \u0219i accesul acestora la prelegeri sus\u0163inute de speciali\u015fti \u015fi practicieni \u00een domeniu.<\/li>\n<\/ul>\n\n\n\n<ul class=\"wp-block-list\">\n<li>Activit\u0103\u0163i aplicate pentru dezvoltarea abilit\u0103\u0163ilor intraprenoriale ale studen\u0163ilor prin sesiuni de idea\u0163ie, cercetare, structurare, finan\u0163are \u015fi implementare \u00een func\u0163ie de nevoile specifice. <\/li>\n<\/ul>\n<\/div><\/div>\n\n\n<style>.kadence-column31_ec9d52-6c > .kt-inside-inner-col,.kadence-column31_ec9d52-6c > .kt-inside-inner-col:before{border-top-left-radius:0px;border-top-right-radius:0px;border-bottom-right-radius:0px;border-bottom-left-radius:0px;}.kadence-column31_ec9d52-6c > .kt-inside-inner-col{column-gap:var(--global-kb-gap-sm, 1rem);}.kadence-column31_ec9d52-6c > .kt-inside-inner-col{flex-direction:column;}.kadence-column31_ec9d52-6c > .kt-inside-inner-col > .aligncenter{width:100%;}.kadence-column31_ec9d52-6c > .kt-inside-inner-col:before{opacity:0.3;}.kadence-column31_ec9d52-6c{position:relative;}@media all and (max-width: 1024px){.kadence-column31_ec9d52-6c > .kt-inside-inner-col{flex-direction:column;justify-content:center;}}@media all and (max-width: 767px){.kadence-column31_ec9d52-6c > .kt-inside-inner-col{flex-direction:column;justify-content:center;}}<\/style>\n<div class=\"wp-block-kadence-column kadence-column31_ec9d52-6c\"><div class=\"kt-inside-inner-col\"><style>.kadence-column31_2d428b-06 > .kt-inside-inner-col{padding-top:var(--global-kb-spacing-5xl, 10rem);padding-right:var(--global-kb-spacing-xl, 4rem);padding-bottom:var(--global-kb-spacing-5xl, 10rem);padding-left:var(--global-kb-spacing-xl, 4rem);}.kadence-column31_2d428b-06 > .kt-inside-inner-col,.kadence-column31_2d428b-06 > .kt-inside-inner-col:before{border-top-left-radius:0px;border-top-right-radius:0px;border-bottom-right-radius:0px;border-bottom-left-radius:0px;}.kadence-column31_2d428b-06 > .kt-inside-inner-col{column-gap:var(--global-kb-gap-sm, 1rem);}.kadence-column31_2d428b-06 > .kt-inside-inner-col{flex-direction:column;}.kadence-column31_2d428b-06 > .kt-inside-inner-col > .aligncenter{width:100%;}.kadence-column31_2d428b-06 > .kt-inside-inner-col{background-color:var(--global-palette3, #1A202C);}.kadence-column31_2d428b-06 > .kt-inside-inner-col:before{opacity:0.16;background-image:url('https:\/\/incubator.econ.ubbcluj.ro\/wp-content\/uploads\/jason-goodman-bzqU01v-G54-unsplash.jpg');background-size:cover;background-position:center center;background-attachment:scroll;background-repeat:no-repeat;}.kadence-column31_2d428b-06{position:relative;}@media all and (max-width: 1024px){.kadence-column31_2d428b-06 > .kt-inside-inner-col{flex-direction:column;justify-content:center;}}@media all and (max-width: 767px){.kadence-column31_2d428b-06 > .kt-inside-inner-col{flex-direction:column;justify-content:center;}}<\/style>\n<div class=\"wp-block-kadence-column kadence-column31_2d428b-06 kb-section-has-link kb-section-has-overlay\"><div class=\"kt-inside-inner-col\"><style>.wp-block-kadence-advancedheading.kt-adv-heading31_d6eeb8-a5, .wp-block-kadence-advancedheading.kt-adv-heading31_d6eeb8-a5[data-kb-block=\"kb-adv-heading31_d6eeb8-a5\"]{text-align:center;font-style:normal;}.wp-block-kadence-advancedheading.kt-adv-heading31_d6eeb8-a5 mark.kt-highlight, .wp-block-kadence-advancedheading.kt-adv-heading31_d6eeb8-a5[data-kb-block=\"kb-adv-heading31_d6eeb8-a5\"] mark.kt-highlight{font-style:normal;color:#f76a0c;-webkit-box-decoration-break:clone;box-decoration-break:clone;padding-top:0px;padding-right:0px;padding-bottom:0px;padding-left:0px;}.wp-block-kadence-advancedheading.kt-adv-heading31_d6eeb8-a5 img.kb-inline-image, .wp-block-kadence-advancedheading.kt-adv-heading31_d6eeb8-a5[data-kb-block=\"kb-adv-heading31_d6eeb8-a5\"] img.kb-inline-image{width:150px;vertical-align:baseline;}<\/style>\n<h2 class=\"kt-adv-heading31_d6eeb8-a5 wp-block-kadence-advancedheading has-theme-palette-9-color has-text-color\" data-kb-block=\"kb-adv-heading31_d6eeb8-a5\"><strong>Program de incubare<\/strong><\/h2>\n\n\n<style>.wp-block-kadence-advancedheading.kt-adv-heading31_cc92cc-9a, .wp-block-kadence-advancedheading.kt-adv-heading31_cc92cc-9a[data-kb-block=\"kb-adv-heading31_cc92cc-9a\"]{text-align:center;font-style:normal;}.wp-block-kadence-advancedheading.kt-adv-heading31_cc92cc-9a mark.kt-highlight, .wp-block-kadence-advancedheading.kt-adv-heading31_cc92cc-9a[data-kb-block=\"kb-adv-heading31_cc92cc-9a\"] mark.kt-highlight{font-style:normal;color:#f76a0c;-webkit-box-decoration-break:clone;box-decoration-break:clone;padding-top:0px;padding-right:0px;padding-bottom:0px;padding-left:0px;}.wp-block-kadence-advancedheading.kt-adv-heading31_cc92cc-9a img.kb-inline-image, .wp-block-kadence-advancedheading.kt-adv-heading31_cc92cc-9a[data-kb-block=\"kb-adv-heading31_cc92cc-9a\"] img.kb-inline-image{width:150px;vertical-align:baseline;}<\/style>\n<p class=\"kt-adv-heading31_cc92cc-9a wp-block-kadence-advancedheading has-theme-palette-8-color has-text-color\" data-kb-block=\"kb-adv-heading31_cc92cc-9a\">Vezi oferta noastr\u0103<\/p>\n<\/div><a href=\"https:\/\/incubator.econ.ubbcluj.ro\/program-de-incubare\/\" class=\"kb-section-link-overlay\"><\/a><\/div>\n<\/div><\/div>\n\n<\/div><\/div>","protected":false},"excerpt":{"rendered":"<p>Program de incubare Vezi oferta noastr\u0103<\/p>","protected":false},"author":2,"featured_media":0,"parent":0,"menu_order":0,"comment_status":"closed","ping_status":"closed","template":"","meta":{"om_disable_all_campaigns":false,"_kad_blocks_custom_css":"","_kad_blocks_head_custom_js":"","_kad_blocks_body_custom_js":"","_kad_blocks_footer_custom_js":"","_monsterinsights_skip_tracking":false,"_monsterinsights_sitenote_active":false,"_monsterinsights_sitenote_note":"","_monsterinsights_sitenote_category":0,"_EventAllDay":false,"_EventTimezone":"","_EventStartDate":"","_EventEndDate":"","_EventStartDateUTC":"","_EventEndDateUTC":"","_EventShowMap":false,"_EventShowMapLink":false,"_EventURL":"","_EventCost":"","_EventCostDescription":"","_EventCurrencySymbol":"","_EventCurrencyCode":"","_EventCurrencyPosition":"","_EventDateTimeSeparator":"","_EventTimeRangeSeparator":"","_EventOrganizerID":[],"_EventVenueID":[],"_OrganizerEmail":"","_OrganizerPhone":"","_OrganizerWebsite":"","_VenueAddress":"","_VenueCity":"","_VenueCountry":"","_VenueProvince":"","_VenueState":"","_VenueZip":"","_VenuePhone":"","_VenueURL":"","_VenueStateProvince":"","_VenueLat":"","_VenueLng":"","_VenueShowMap":false,"_VenueShowMapLink":false,"_kad_post_transparent":"","_kad_post_title":"","_kad_post_layout":"","_kad_post_sidebar_id":"","_kad_post_content_style":"","_kad_post_vertical_padding":"","_kad_post_feature":"","_kad_post_feature_position":"","_kad_post_header":false,"_kad_post_footer":false,"footnotes":""},"class_list":["post-31","page","type-page","status-publish","hentry"],"aioseo_notices":[],"taxonomy_info":[],"featured_image_src_large":false,"author_info":{"display_name":"mihaiguta","author_link":"https:\/\/incubator.econ.ubbcluj.ro\/en\/author\/mihaiguta\/"},"comment_info":0,"_links":{"self":[{"href":"https:\/\/incubator.econ.ubbcluj.ro\/en\/wp-json\/wp\/v2\/pages\/31","targetHints":{"allow":["GET"]}}],"collection":[{"href":"https:\/\/incubator.econ.ubbcluj.ro\/en\/wp-json\/wp\/v2\/pages"}],"about":[{"href":"https:\/\/incubator.econ.ubbcluj.ro\/en\/wp-json\/wp\/v2\/types\/page"}],"author":[{"embeddable":true,"href":"https:\/\/incubator.econ.ubbcluj.ro\/en\/wp-json\/wp\/v2\/users\/2"}],"replies":[{"embeddable":true,"href":"https:\/\/incubator.econ.ubbcluj.ro\/en\/wp-json\/wp\/v2\/comments?post=31"}],"version-history":[{"count":29,"href":"https:\/\/incubator.econ.ubbcluj.ro\/en\/wp-json\/wp\/v2\/pages\/31\/revisions"}],"predecessor-version":[{"id":4316,"href":"https:\/\/incubator.econ.ubbcluj.ro\/en\/wp-json\/wp\/v2\/pages\/31\/revisions\/4316"}],"wp:attachment":[{"href":"https:\/\/incubator.econ.ubbcluj.ro\/en\/wp-json\/wp\/v2\/media?parent=31"}],"curies":[{"name":"wp","href":"https:\/\/api.w.org\/{rel}","templated":true}]}}